{"id":1527,"date":"2026-02-06T12:03:17","date_gmt":"2026-02-06T12:03:17","guid":{"rendered":"https:\/\/www.laurakongportfolio.es\/?page_id=1527"},"modified":"2026-02-06T12:48:35","modified_gmt":"2026-02-06T12:48:35","slug":"eurovision-dataviz","status":"publish","type":"page","link":"https:\/\/www.laurakongportfolio.es\/?page_id=1527","title":{"rendered":"Eurovision Dataviz"},"content":{"rendered":"\t\t<div data-elementor-type=\"wp-page\" data-elementor-id=\"1527\" class=\"elementor elementor-1527\" data-elementor-post-type=\"page\">\n\t\t\t\t<div class=\"elementor-element elementor-element-3bbd315a e-flex e-con-boxed elementor-invisible e-con e-parent\" data-id=\"3bbd315a\" data-element_type=\"container\" data-e-type=\"container\" data-settings=\"{&quot;background_background&quot;:&quot;classic&quot;,&quot;animation&quot;:&quot;fadeIn&quot;,&quot;background_motion_fx_motion_fx_scrolling&quot;:&quot;yes&quot;,&quot;background_motion_fx_translateY_effect&quot;:&quot;yes&quot;,&quot;background_motion_fx_translateY_affectedRange&quot;:{&quot;unit&quot;:&quot;%&quot;,&quot;size&quot;:&quot;&quot;,&quot;sizes&quot;:{&quot;start&quot;:0,&quot;end&quot;:73}},&quot;background_motion_fx_range&quot;:&quot;viewport&quot;,&quot;background_motion_fx_translateY_speed&quot;:{&quot;unit&quot;:&quot;px&quot;,&quot;size&quot;:4,&quot;sizes&quot;:[]},&quot;background_motion_fx_devices&quot;:[&quot;desktop&quot;,&quot;tablet&quot;,&quot;mobile&quot;]}\">\n\t\t\t\t\t<div class=\"e-con-inner\">\n\t\t\t\t<div class=\"elementor-element elementor-element-5f17ae18 elementor-widget__width-initial elementor-invisible elementor-widget elementor-widget-image\" data-id=\"5f17ae18\" data-element_type=\"widget\" data-e-type=\"widget\" data-settings=\"{&quot;motion_fx_motion_fx_scrolling&quot;:&quot;yes&quot;,&quot;_animation&quot;:&quot;fadeIn&quot;,&quot;motion_fx_devices&quot;:[&quot;desktop&quot;,&quot;tablet&quot;,&quot;mobile&quot;]}\" data-widget_type=\"image.default\">\n\t\t\t\t\t\t\t\t\t\t\t\t\t\t\t<img fetchpriority=\"high\" decoding=\"async\" width=\"1920\" height=\"1000\" src=\"https:\/\/www.laurakongportfolio.es\/wp-content\/uploads\/2026\/02\/ARTICLE-2.jpg\" class=\"elementor-animation-grow attachment-2048x2048 size-2048x2048 wp-image-1543\" alt=\"\" srcset=\"https:\/\/www.laurakongportfolio.es\/wp-content\/uploads\/2026\/02\/ARTICLE-2.jpg 1920w, https:\/\/www.laurakongportfolio.es\/wp-content\/uploads\/2026\/02\/ARTICLE-2-300x156.jpg 300w, https:\/\/www.laurakongportfolio.es\/wp-content\/uploads\/2026\/02\/ARTICLE-2-1024x533.jpg 1024w, https:\/\/www.laurakongportfolio.es\/wp-content\/uploads\/2026\/02\/ARTICLE-2-768x400.jpg 768w, https:\/\/www.laurakongportfolio.es\/wp-content\/uploads\/2026\/02\/ARTICLE-2-1536x800.jpg 1536w\" sizes=\"(max-width: 1920px) 100vw, 1920px\" \/>\t\t\t\t\t\t\t\t\t\t\t\t\t\t\t<\/div>\n\t\t\t\t\t<\/div>\n\t\t\t\t<\/div>\n\t\t<div class=\"elementor-element elementor-element-165d8ddb e-flex e-con-boxed elementor-invisible e-con e-parent\" data-id=\"165d8ddb\" data-element_type=\"container\" data-e-type=\"container\" data-settings=\"{&quot;background_background&quot;:&quot;classic&quot;,&quot;animation&quot;:&quot;fadeIn&quot;}\">\n\t\t\t\t\t<div class=\"e-con-inner\">\n\t\t<div class=\"elementor-element elementor-element-10f35bb2 e-con-full e-flex e-con e-child\" data-id=\"10f35bb2\" data-element_type=\"container\" data-e-type=\"container\">\n\t\t<div class=\"elementor-element elementor-element-21245482 e-con-full e-flex e-con e-child\" data-id=\"21245482\" data-element_type=\"container\" data-e-type=\"container\" data-settings=\"{&quot;background_background&quot;:&quot;classic&quot;}\">\n\t\t<div class=\"elementor-element elementor-element-44d5c86a e-con-full e-flex e-con e-child\" data-id=\"44d5c86a\" data-element_type=\"container\" data-e-type=\"container\">\n\t\t\t\t<div class=\"elementor-element elementor-element-6954045a elementor-invisible elementor-widget elementor-widget-heading\" data-id=\"6954045a\" data-element_type=\"widget\" data-e-type=\"widget\" data-settings=\"{&quot;_animation&quot;:&quot;slideInUp&quot;}\" data-widget_type=\"heading.default\">\n\t\t\t\t\t<h1 class=\"elementor-heading-title elementor-size-default\">Eurovision Data Visualizations<\/h1>\t\t\t\t<\/div>\n\t\t\t\t<\/div>\n\t\t<div class=\"elementor-element elementor-element-1a1df6ff e-con-full e-flex e-con e-child\" data-id=\"1a1df6ff\" data-element_type=\"container\" data-e-type=\"container\">\n\t\t\t\t<div class=\"elementor-element elementor-element-179c6156 elementor-widget elementor-widget-heading\" data-id=\"179c6156\" data-element_type=\"widget\" data-e-type=\"widget\" data-widget_type=\"heading.default\">\n\t\t\t\t\t<h3 class=\"elementor-heading-title elementor-size-default\">Mapping decades of Eurovision history<\/h3>\t\t\t\t<\/div>\n\t\t\t\t<div class=\"elementor-element elementor-element-2c546be8 elementor-invisible elementor-widget elementor-widget-text-editor\" data-id=\"2c546be8\" data-element_type=\"widget\" data-e-type=\"widget\" data-settings=\"{&quot;_animation&quot;:&quot;slideInUp&quot;}\" data-widget_type=\"text-editor.default\">\n\t\t\t\t\t\t\t\t\t<p>An interactive collection of maps and charts that visualizes how Eurovision has evolved, from the growth in participating countries to the shifting geography of host cities over time. Each piece is designed to turn raw data into a clear, engaging story about how the contest has expanded across Europe and beyond.<\/p>\t\t\t\t\t\t\t\t<\/div>\n\t\t\t\t<\/div>\n\t\t\t\t<\/div>\n\t\t<div class=\"elementor-element elementor-element-e81cab1 e-con-full e-flex e-con e-child\" data-id=\"e81cab1\" data-element_type=\"container\" data-e-type=\"container\">\n\t\t\t\t<div class=\"elementor-element elementor-element-79b96aa elementor-widget__width-initial elementor-invisible elementor-widget elementor-widget-html\" data-id=\"79b96aa\" data-element_type=\"widget\" data-e-type=\"widget\" data-settings=\"{&quot;_animation&quot;:&quot;slideInUp&quot;}\" data-widget_type=\"html.default\">\n\t\t\t\t\t<iframe src='https:\/\/flo.uri.sh\/visualisation\/9874658\/embed' title='Interactive or visual content' class='flourish-embed-iframe' frameborder='0' scrolling='no' style='width:100%;height:600px;' sandbox='allow-same-origin allow-forms allow-scripts allow-downloads allow-popups allow-popups-to-escape-sandbox allow-top-navigation-by-user-activation'><\/iframe><div style='width:100%!;margin-top:4px!important;text-align:right!important;'><a class='flourish-credit' href='https:\/\/public.flourish.studio\/visualisation\/9874658\/?utm_source=embed&utm_campaign=visualisation\/9874658' target='_top' style='text-decoration:none!important'><img alt='Made with Flourish' src='https:\/\/public.flourish.studio\/resources\/made_with_flourish.svg' style='width:105px!important;height:16px!important;border:none!important;margin:0!important;'> <\/a><\/div>\t\t\t\t<\/div>\n\t\t\t\t<div class=\"elementor-element elementor-element-b9da855 elementor-widget__width-initial elementor-invisible elementor-widget elementor-widget-html\" data-id=\"b9da855\" data-element_type=\"widget\" data-e-type=\"widget\" data-settings=\"{&quot;_animation&quot;:&quot;slideInUp&quot;}\" data-widget_type=\"html.default\">\n\t\t\t\t\t<iframe title=\"Pa\u00edses amistosos con Espa\u00f1a en Eurovisi\u00f3n\" aria-label=\"Mapa\" id=\"datawrapper-chart-dR6d0\" src=\"https:\/\/datawrapper.dwcdn.net\/dR6d0\/3\/\" scrolling=\"no\" frameborder=\"0\" style=\"width: 0; min-width: 100% !important; border: none;\" height=\"540\"><\/iframe><script type=\"text\/javascript\">!function(){\"use strict\";window.addEventListener(\"message\",(function(e){if(void 0!==e.data[\"datawrapper-height\"]){var t=document.querySelectorAll(\"iframe\");for(var a in e.data[\"datawrapper-height\"])for(var r=0;r<t.length;r++){if(t[r].contentWindow===e.source)t[r].style.height=e.data[\"datawrapper-height\"][a]+\"px\"}}}))}();\r\n<\/script>\t\t\t\t<\/div>\n\t\t\t\t<\/div>\n\t\t<div class=\"elementor-element elementor-element-5d234aa1 e-con-full e-flex e-con e-child\" data-id=\"5d234aa1\" data-element_type=\"container\" data-e-type=\"container\" data-settings=\"{&quot;background_background&quot;:&quot;classic&quot;}\">\n\t\t<div class=\"elementor-element elementor-element-73872b5b e-con-full e-flex e-con e-child\" data-id=\"73872b5b\" data-element_type=\"container\" data-e-type=\"container\">\n\t\t\t\t<\/div>\n\t\t<div class=\"elementor-element elementor-element-156c8239 e-con-full e-flex e-con e-child\" data-id=\"156c8239\" data-element_type=\"container\" data-e-type=\"container\">\n\t\t\t\t<div class=\"elementor-element elementor-element-637b0a82 elementor-widget elementor-widget-heading\" data-id=\"637b0a82\" data-element_type=\"widget\" data-e-type=\"widget\" data-widget_type=\"heading.default\">\n\t\t\t\t\t<h3 class=\"elementor-heading-title elementor-size-default\">Exploring performance, points and patterns<\/h3>\t\t\t\t<\/div>\n\t\t\t\t<div class=\"elementor-element elementor-element-264567ef elementor-invisible elementor-widget elementor-widget-text-editor\" data-id=\"264567ef\" data-element_type=\"widget\" data-e-type=\"widget\" data-settings=\"{&quot;_animation&quot;:&quot;slideInUp&quot;}\" data-widget_type=\"text-editor.default\">\n\t\t\t\t\t\t\t\t\t<p>Using Flourish and Mapbox, these visualizations reveal trends in winners, voting behavior and staging order, highlighting which countries dominate the scoreboard and when performances tend to score highest. Dynamic views, such as the bubble map of host cities, invite the user to explore Eurovision\u2019s most significant milestones in an intuitive, visual way.<\/p>\t\t\t\t\t\t\t\t<\/div>\n\t\t\t\t<\/div>\n\t\t\t\t<\/div>\n\t\t<div class=\"elementor-element elementor-element-f1e6a0a e-con-full e-flex e-con e-child\" data-id=\"f1e6a0a\" data-element_type=\"container\" data-e-type=\"container\">\n\t\t\t\t<div class=\"elementor-element elementor-element-c169a60 elementor-widget__width-initial elementor-invisible elementor-widget elementor-widget-html\" data-id=\"c169a60\" data-element_type=\"widget\" data-e-type=\"widget\" data-settings=\"{&quot;_animation&quot;:&quot;slideInUp&quot;}\" data-widget_type=\"html.default\">\n\t\t\t\t\t<iframe title=\"Pa\u00edses ganadores de Eurovisi\u00f3n \" aria-label=\"Gr\u00e1fico de columnas\" id=\"datawrapper-chart-o4g8x\" src=\"https:\/\/datawrapper.dwcdn.net\/o4g8x\/11\/\" scrolling=\"no\" frameborder=\"0\" style=\"width: 0; min-width: 100% !important; border: none;\" height=\"431\"><\/iframe><script type=\"text\/javascript\">!function(){\"use strict\";window.addEventListener(\"message\",(function(e){if(void 0!==e.data[\"datawrapper-height\"]){var t=document.querySelectorAll(\"iframe\");for(var a in e.data[\"datawrapper-height\"])for(var r=0;r<t.length;r++){if(t[r].contentWindow===e.source)t[r].style.height=e.data[\"datawrapper-height\"][a]+\"px\"}}}))}();\r\n<\/script>\t\t\t\t<\/div>\n\t\t\t\t<div class=\"elementor-element elementor-element-db64069 elementor-widget__width-initial elementor-invisible elementor-widget elementor-widget-html\" data-id=\"db64069\" data-element_type=\"widget\" data-e-type=\"widget\" data-settings=\"{&quot;_animation&quot;:&quot;slideInUp&quot;}\" data-widget_type=\"html.default\">\n\t\t\t\t\t<iframe title=\"Datos interesantes de Eurovisi\u00f3n\" aria-label=\"Diagrama de dispersi\u00f3n\" id=\"datawrapper-chart-NexjH\" src=\"https:\/\/datawrapper.dwcdn.net\/NexjH\/4\/\" scrolling=\"no\" frameborder=\"0\" style=\"width: 0; min-width: 100% !important; border: none;\" height=\"545\"><\/iframe><script type=\"text\/javascript\">!function(){\"use strict\";window.addEventListener(\"message\",(function(e){if(void 0!==e.data[\"datawrapper-height\"]){var t=document.querySelectorAll(\"iframe\");for(var a in e.data[\"datawrapper-height\"])for(var r=0;r<t.length;r++){if(t[r].contentWindow===e.source)t[r].style.height=e.data[\"datawrapper-height\"][a]+\"px\"}}}))}();\r\n<\/script>\t\t\t\t<\/div>\n\t\t\t\t<\/div>\n\t\t<div class=\"elementor-element elementor-element-544aae4 e-con-full e-flex e-con e-child\" data-id=\"544aae4\" data-element_type=\"container\" data-e-type=\"container\" data-settings=\"{&quot;background_background&quot;:&quot;classic&quot;}\">\n\t\t<div class=\"elementor-element elementor-element-76f03d2 e-con-full e-flex e-con e-child\" data-id=\"76f03d2\" data-element_type=\"container\" data-e-type=\"container\">\n\t\t\t\t<\/div>\n\t\t<div class=\"elementor-element elementor-element-c02f50b e-con-full e-flex e-con e-child\" data-id=\"c02f50b\" data-element_type=\"container\" data-e-type=\"container\">\n\t\t\t\t<div class=\"elementor-element elementor-element-1812036 elementor-widget elementor-widget-heading\" data-id=\"1812036\" data-element_type=\"widget\" data-e-type=\"widget\" data-widget_type=\"heading.default\">\n\t\t\t\t\t<h3 class=\"elementor-heading-title elementor-size-default\">From static charts to immersive storytelling<\/h3>\t\t\t\t<\/div>\n\t\t\t\t<div class=\"elementor-element elementor-element-7d66015 elementor-invisible elementor-widget elementor-widget-text-editor\" data-id=\"7d66015\" data-element_type=\"widget\" data-e-type=\"widget\" data-settings=\"{&quot;_animation&quot;:&quot;slideInUp&quot;}\" data-widget_type=\"text-editor.default\">\n\t\t\t\t\t\t\t\t\t<p>Starting from simple bar and area charts, the project evolves into interactive experiences that combine timelines, scatterplots and custom maps to uncover hidden relationships in the data. The result is a cohesive visual narrative where every graphic contributes a different perspective on how Eurovision\u2019s politics, geography and music have changed through the years.<\/p>\t\t\t\t\t\t\t\t<\/div>\n\t\t\t\t<\/div>\n\t\t\t\t<\/div>\n\t\t\t\t<\/div>\n\t\t\t\t<div class=\"elementor-element elementor-element-9a4272e elementor-widget__width-initial elementor-invisible elementor-widget elementor-widget-html\" data-id=\"9a4272e\" data-element_type=\"widget\" data-e-type=\"widget\" data-settings=\"{&quot;_animation&quot;:&quot;slideInUp&quot;}\" data-widget_type=\"html.default\">\n\t\t\t\t\t<iframe width='100%' height='800px' src=\"https:\/\/api.mapbox.com\/styles\/v1\/asuntete\/cl477uzy6001m14p9bi5cdh21.html?title=false&access_token=pk.eyJ1IjoiYXN1bnRldGUiLCJhIjoiY2w0NzcyYWJ2MGZrZzNubXMyMmhzaXdxciJ9.6SDZp15V6NY99oeyLItGgw&zoomwheel=false#3.97\/47.97\/22.63\" title=\"Sedes de Eurovisi\u00f3n\" style=\"border-radius:16px;\"><\/iframe>\r\n\t\t\t\t<\/div>\n\t\t\t\t\t<\/div>\n\t\t\t\t<\/div>\n\t\t\t\t<\/div>\n\t\t","protected":false},"excerpt":{"rendered":"<p>Eurovision Data Visualizations Mapping decades of Eurovision history An interactive collection of maps and charts that visualizes how Eurovision has evolved, from the growth in participating countries to the shifting geography of host cities over time. Each piece is designed to turn raw data into a clear, engaging story about how the contest has expanded [&hellip;]<\/p>\n","protected":false},"author":2,"featured_media":0,"parent":0,"menu_order":0,"comment_status":"closed","ping_status":"closed","template":"elementor_header_footer","meta":{"footnotes":""},"class_list":["post-1527","page","type-page","status-publish","hentry"],"yoast_head":"<!-- This site is optimized with the Yoast SEO plugin v27.2 - https:\/\/yoast.com\/product\/yoast-seo-wordpress\/ -->\n<title>Eurovision Dataviz - Laura Kong Portfolio<\/title>\n<meta name=\"robots\" content=\"index, follow, max-snippet:-1, max-image-preview:large, max-video-preview:-1\" \/>\n<link rel=\"canonical\" href=\"https:\/\/www.laurakongportfolio.es\/?page_id=1527\" \/>\n<meta property=\"og:locale\" content=\"es_ES\" \/>\n<meta property=\"og:type\" content=\"article\" \/>\n<meta property=\"og:title\" content=\"Eurovision Dataviz - Laura Kong Portfolio\" \/>\n<meta property=\"og:description\" content=\"Eurovision Data Visualizations Mapping decades of Eurovision history An interactive collection of maps and charts that visualizes how Eurovision has evolved, from the growth in participating countries to the shifting geography of host cities over time. Each piece is designed to turn raw data into a clear, engaging story about how the contest has expanded [&hellip;]\" \/>\n<meta property=\"og:url\" content=\"https:\/\/www.laurakongportfolio.es\/?page_id=1527\" \/>\n<meta property=\"og:site_name\" content=\"Laura Kong Portfolio\" \/>\n<meta property=\"article:modified_time\" content=\"2026-02-06T12:48:35+00:00\" \/>\n<meta property=\"og:image\" content=\"https:\/\/www.laurakongportfolio.es\/wp-content\/uploads\/2026\/02\/ARTICLE-2.jpg\" \/>\n\t<meta property=\"og:image:width\" content=\"1920\" \/>\n\t<meta property=\"og:image:height\" content=\"1000\" \/>\n\t<meta property=\"og:image:type\" content=\"image\/jpeg\" \/>\n<meta name=\"twitter:card\" content=\"summary_large_image\" \/>\n<meta name=\"twitter:label1\" content=\"Tiempo de lectura\" \/>\n\t<meta name=\"twitter:data1\" content=\"1 minuto\" \/>\n<script type=\"application\/ld+json\" class=\"yoast-schema-graph\">{\"@context\":\"https:\/\/schema.org\",\"@graph\":[{\"@type\":\"WebPage\",\"@id\":\"https:\/\/www.laurakongportfolio.es\/?page_id=1527\",\"url\":\"https:\/\/www.laurakongportfolio.es\/?page_id=1527\",\"name\":\"Eurovision Dataviz - Laura Kong Portfolio\",\"isPartOf\":{\"@id\":\"https:\/\/www.laurakongportfolio.es\/#website\"},\"primaryImageOfPage\":{\"@id\":\"https:\/\/www.laurakongportfolio.es\/?page_id=1527#primaryimage\"},\"image\":{\"@id\":\"https:\/\/www.laurakongportfolio.es\/?page_id=1527#primaryimage\"},\"thumbnailUrl\":\"https:\/\/www.laurakongportfolio.es\/wp-content\/uploads\/2026\/02\/ARTICLE-2.jpg\",\"datePublished\":\"2026-02-06T12:03:17+00:00\",\"dateModified\":\"2026-02-06T12:48:35+00:00\",\"breadcrumb\":{\"@id\":\"https:\/\/www.laurakongportfolio.es\/?page_id=1527#breadcrumb\"},\"inLanguage\":\"es\",\"potentialAction\":[{\"@type\":\"ReadAction\",\"target\":[\"https:\/\/www.laurakongportfolio.es\/?page_id=1527\"]}]},{\"@type\":\"ImageObject\",\"inLanguage\":\"es\",\"@id\":\"https:\/\/www.laurakongportfolio.es\/?page_id=1527#primaryimage\",\"url\":\"https:\/\/www.laurakongportfolio.es\/wp-content\/uploads\/2026\/02\/ARTICLE-2.jpg\",\"contentUrl\":\"https:\/\/www.laurakongportfolio.es\/wp-content\/uploads\/2026\/02\/ARTICLE-2.jpg\",\"width\":1920,\"height\":1000},{\"@type\":\"BreadcrumbList\",\"@id\":\"https:\/\/www.laurakongportfolio.es\/?page_id=1527#breadcrumb\",\"itemListElement\":[{\"@type\":\"ListItem\",\"position\":1,\"name\":\"Portada\",\"item\":\"https:\/\/www.laurakongportfolio.es\/\"},{\"@type\":\"ListItem\",\"position\":2,\"name\":\"Eurovision Dataviz\"}]},{\"@type\":\"WebSite\",\"@id\":\"https:\/\/www.laurakongportfolio.es\/#website\",\"url\":\"https:\/\/www.laurakongportfolio.es\/\",\"name\":\"Laura Kong Portfolio\",\"description\":\"Portfolio de Laura Kong Delgado\",\"publisher\":{\"@id\":\"https:\/\/www.laurakongportfolio.es\/#organization\"},\"potentialAction\":[{\"@type\":\"SearchAction\",\"target\":{\"@type\":\"EntryPoint\",\"urlTemplate\":\"https:\/\/www.laurakongportfolio.es\/?s={search_term_string}\"},\"query-input\":{\"@type\":\"PropertyValueSpecification\",\"valueRequired\":true,\"valueName\":\"search_term_string\"}}],\"inLanguage\":\"es\"},{\"@type\":\"Organization\",\"@id\":\"https:\/\/www.laurakongportfolio.es\/#organization\",\"name\":\"Laura Kong Portfolio\",\"url\":\"https:\/\/www.laurakongportfolio.es\/\",\"logo\":{\"@type\":\"ImageObject\",\"inLanguage\":\"es\",\"@id\":\"https:\/\/www.laurakongportfolio.es\/#\/schema\/logo\/image\/\",\"url\":\"https:\/\/www.laurakongportfolio.es\/wp-content\/uploads\/2026\/01\/Recurso-1.svg\",\"contentUrl\":\"https:\/\/www.laurakongportfolio.es\/wp-content\/uploads\/2026\/01\/Recurso-1.svg\",\"width\":350,\"height\":111,\"caption\":\"Laura Kong Portfolio\"},\"image\":{\"@id\":\"https:\/\/www.laurakongportfolio.es\/#\/schema\/logo\/image\/\"}}]}<\/script>\n<!-- \/ Yoast SEO plugin. -->","yoast_head_json":{"title":"Eurovision Dataviz - Laura Kong Portfolio","robots":{"index":"index","follow":"follow","max-snippet":"max-snippet:-1","max-image-preview":"max-image-preview:large","max-video-preview":"max-video-preview:-1"},"canonical":"https:\/\/www.laurakongportfolio.es\/?page_id=1527","og_locale":"es_ES","og_type":"article","og_title":"Eurovision Dataviz - Laura Kong Portfolio","og_description":"Eurovision Data Visualizations Mapping decades of Eurovision history An interactive collection of maps and charts that visualizes how Eurovision has evolved, from the growth in participating countries to the shifting geography of host cities over time. Each piece is designed to turn raw data into a clear, engaging story about how the contest has expanded [&hellip;]","og_url":"https:\/\/www.laurakongportfolio.es\/?page_id=1527","og_site_name":"Laura Kong Portfolio","article_modified_time":"2026-02-06T12:48:35+00:00","og_image":[{"width":1920,"height":1000,"url":"https:\/\/www.laurakongportfolio.es\/wp-content\/uploads\/2026\/02\/ARTICLE-2.jpg","type":"image\/jpeg"}],"twitter_card":"summary_large_image","twitter_misc":{"Tiempo de lectura":"1 minuto"},"schema":{"@context":"https:\/\/schema.org","@graph":[{"@type":"WebPage","@id":"https:\/\/www.laurakongportfolio.es\/?page_id=1527","url":"https:\/\/www.laurakongportfolio.es\/?page_id=1527","name":"Eurovision Dataviz - Laura Kong Portfolio","isPartOf":{"@id":"https:\/\/www.laurakongportfolio.es\/#website"},"primaryImageOfPage":{"@id":"https:\/\/www.laurakongportfolio.es\/?page_id=1527#primaryimage"},"image":{"@id":"https:\/\/www.laurakongportfolio.es\/?page_id=1527#primaryimage"},"thumbnailUrl":"https:\/\/www.laurakongportfolio.es\/wp-content\/uploads\/2026\/02\/ARTICLE-2.jpg","datePublished":"2026-02-06T12:03:17+00:00","dateModified":"2026-02-06T12:48:35+00:00","breadcrumb":{"@id":"https:\/\/www.laurakongportfolio.es\/?page_id=1527#breadcrumb"},"inLanguage":"es","potentialAction":[{"@type":"ReadAction","target":["https:\/\/www.laurakongportfolio.es\/?page_id=1527"]}]},{"@type":"ImageObject","inLanguage":"es","@id":"https:\/\/www.laurakongportfolio.es\/?page_id=1527#primaryimage","url":"https:\/\/www.laurakongportfolio.es\/wp-content\/uploads\/2026\/02\/ARTICLE-2.jpg","contentUrl":"https:\/\/www.laurakongportfolio.es\/wp-content\/uploads\/2026\/02\/ARTICLE-2.jpg","width":1920,"height":1000},{"@type":"BreadcrumbList","@id":"https:\/\/www.laurakongportfolio.es\/?page_id=1527#breadcrumb","itemListElement":[{"@type":"ListItem","position":1,"name":"Portada","item":"https:\/\/www.laurakongportfolio.es\/"},{"@type":"ListItem","position":2,"name":"Eurovision Dataviz"}]},{"@type":"WebSite","@id":"https:\/\/www.laurakongportfolio.es\/#website","url":"https:\/\/www.laurakongportfolio.es\/","name":"Laura Kong Portfolio","description":"Portfolio de Laura Kong Delgado","publisher":{"@id":"https:\/\/www.laurakongportfolio.es\/#organization"},"potentialAction":[{"@type":"SearchAction","target":{"@type":"EntryPoint","urlTemplate":"https:\/\/www.laurakongportfolio.es\/?s={search_term_string}"},"query-input":{"@type":"PropertyValueSpecification","valueRequired":true,"valueName":"search_term_string"}}],"inLanguage":"es"},{"@type":"Organization","@id":"https:\/\/www.laurakongportfolio.es\/#organization","name":"Laura Kong Portfolio","url":"https:\/\/www.laurakongportfolio.es\/","logo":{"@type":"ImageObject","inLanguage":"es","@id":"https:\/\/www.laurakongportfolio.es\/#\/schema\/logo\/image\/","url":"https:\/\/www.laurakongportfolio.es\/wp-content\/uploads\/2026\/01\/Recurso-1.svg","contentUrl":"https:\/\/www.laurakongportfolio.es\/wp-content\/uploads\/2026\/01\/Recurso-1.svg","width":350,"height":111,"caption":"Laura Kong Portfolio"},"image":{"@id":"https:\/\/www.laurakongportfolio.es\/#\/schema\/logo\/image\/"}}]}},"_links":{"self":[{"href":"https:\/\/www.laurakongportfolio.es\/index.php?rest_route=\/wp\/v2\/pages\/1527","targetHints":{"allow":["GET"]}}],"collection":[{"href":"https:\/\/www.laurakongportfolio.es\/index.php?rest_route=\/wp\/v2\/pages"}],"about":[{"href":"https:\/\/www.laurakongportfolio.es\/index.php?rest_route=\/wp\/v2\/types\/page"}],"author":[{"embeddable":true,"href":"https:\/\/www.laurakongportfolio.es\/index.php?rest_route=\/wp\/v2\/users\/2"}],"replies":[{"embeddable":true,"href":"https:\/\/www.laurakongportfolio.es\/index.php?rest_route=%2Fwp%2Fv2%2Fcomments&post=1527"}],"version-history":[{"count":28,"href":"https:\/\/www.laurakongportfolio.es\/index.php?rest_route=\/wp\/v2\/pages\/1527\/revisions"}],"predecessor-version":[{"id":1575,"href":"https:\/\/www.laurakongportfolio.es\/index.php?rest_route=\/wp\/v2\/pages\/1527\/revisions\/1575"}],"wp:attachment":[{"href":"https:\/\/www.laurakongportfolio.es\/index.php?rest_route=%2Fwp%2Fv2%2Fmedia&parent=1527"}],"curies":[{"name":"wp","href":"https:\/\/api.w.org\/{rel}","templated":true}]}}